{"id":659,"date":"2026-02-27T06:56:22","date_gmt":"2026-02-27T11:56:22","guid":{"rendered":"https:\/\/federacionfesoc.org\/?page_id=659"},"modified":"2026-02-27T07:13:32","modified_gmt":"2026-02-27T12:13:32","slug":"lazos-productivos","status":"publish","type":"page","link":"https:\/\/federacionfesoc.org\/index.php\/lazos-productivos\/","title":{"rendered":"Lazos productivos"},"content":{"rendered":"\t\t<div data-elementor-type=\"wp-page\" data-elementor-id=\"659\" class=\"elementor elementor-659\" data-elementor-post-type=\"page\">\n\t\t\t\t<div class=\"elementor-element elementor-element-6380ddf e-flex e-con-boxed e-con e-parent\" data-id=\"6380ddf\" data-element_type=\"container\" data-e-type=\"container\">\n\t\t\t\t\t<div class=\"e-con-inner\">\n\t\t\t\t<div class=\"elementor-element elementor-element-d96009e elementor-widget elementor-widget-heading\" data-id=\"d96009e\" data-element_type=\"widget\" data-e-type=\"widget\" data-widget_type=\"heading.default\">\n\t\t\t\t\t<h1 class=\"elementor-heading-title elementor-size-default\">Programa de lazos productivos<\/h1>\t\t\t\t<\/div>\n\t\t\t\t\t<\/div>\n\t\t\t\t<\/div>\n\t\t<div class=\"elementor-element elementor-element-f82dd4f e-flex e-con-boxed e-con e-parent\" data-id=\"f82dd4f\" data-element_type=\"container\" data-e-type=\"container\">\n\t\t\t\t\t<div class=\"e-con-inner\">\n\t\t\t\t<div class=\"elementor-element elementor-element-8899ea2 elementor-widget elementor-widget-text-editor\" data-id=\"8899ea2\" data-element_type=\"widget\" data-e-type=\"widget\" data-widget_type=\"text-editor.default\">\n\t\t\t\t\t\t\t\t\t<p>Paralelo a tener una vivienda digna, se encuentran los proyectos productivos o unidades productivas las cuales van a apoyar a las personas que necesitan de unos ingresos para subsistir y mantener a sus familias conservando como m\u00ednimo las condiciones de la vivienda entregada y esperando que crezca personal, econ\u00f3mica, cultural y solidariamente dentro de la comunidad.<\/p><h3 data-start=\"4902\" data-end=\"4926\">Clases de Proyectos:<\/h3><ul data-start=\"4928\" data-end=\"5237\"><li data-start=\"4928\" data-end=\"4937\"><p data-start=\"4930\" data-end=\"4937\">Salud<\/p><\/li><li data-start=\"4938\" data-end=\"4950\"><p data-start=\"4940\" data-end=\"4950\">Vivienda<\/p><\/li><li data-start=\"4951\" data-end=\"4964\"><p data-start=\"4953\" data-end=\"4964\">Educaci\u00f3n<\/p><\/li><li data-start=\"4965\" data-end=\"4980\"><p data-start=\"4967\" data-end=\"4980\">Financieros<\/p><\/li><li data-start=\"4981\" data-end=\"5000\"><p data-start=\"4983\" data-end=\"5000\">Infraestructura<\/p><\/li><li data-start=\"5001\" data-end=\"5025\"><p data-start=\"5003\" data-end=\"5025\">Recreaci\u00f3n y Deporte<\/p><\/li><li data-start=\"5026\" data-end=\"5057\"><p data-start=\"5028\" data-end=\"5057\">Medio Ambiente y Ecol\u00f3gicos<\/p><\/li><li data-start=\"5058\" data-end=\"5092\"><p data-start=\"5060\" data-end=\"5092\">Saneamiento B\u00e1sico y Ambiental<\/p><\/li><li data-start=\"5093\" data-end=\"5123\"><p data-start=\"5095\" data-end=\"5123\">Consultor\u00edas Empresariales<\/p><\/li><li data-start=\"5124\" data-end=\"5150\"><p data-start=\"5126\" data-end=\"5150\">Productos Industriales<\/p><\/li><li data-start=\"5151\" data-end=\"5172\"><p data-start=\"5153\" data-end=\"5172\">Ayuda Humanitaria<\/p><\/li><li data-start=\"5173\" data-end=\"5190\"><p data-start=\"5175\" data-end=\"5190\">Agropecuarios<\/p><\/li><li data-start=\"5191\" data-end=\"5203\"><p data-start=\"5193\" data-end=\"5203\">Agr\u00edcola<\/p><\/li><li data-start=\"5204\" data-end=\"5215\"><p data-start=\"5206\" data-end=\"5215\">Cultura<\/p><\/li><li data-start=\"5216\" data-end=\"5227\"><p data-start=\"5218\" data-end=\"5227\">Turismo<\/p><\/li><li data-start=\"5228\" data-end=\"5237\"><p data-start=\"5230\" data-end=\"5237\">Otros<\/p><\/li><\/ul>\t\t\t\t\t\t\t\t<\/div>\n\t\t\t\t\t<\/div>\n\t\t\t\t<\/div>\n\t\t<div class=\"elementor-element elementor-element-b1abcc3 e-grid e-con-boxed e-con e-parent\" data-id=\"b1abcc3\" data-element_type=\"container\" data-e-type=\"container\">\n\t\t\t\t\t<div class=\"e-con-inner\">\n\t\t\t\t<div class=\"elementor-element elementor-element-cf1d39c elementor-widget elementor-widget-image\" data-id=\"cf1d39c\" data-element_type=\"widget\" data-e-type=\"widget\" data-widget_type=\"image.default\">\n\t\t\t\t\t\t\t\t\t\t\t\t\t\t\t<img fetchpriority=\"high\" decoding=\"async\" width=\"800\" height=\"534\" src=\"https:\/\/federacionfesoc.org\/wp-content\/uploads\/2026\/02\/WhatsApp-Image-2026-02-20-at-08.49.20-1024x683.jpeg\" class=\"attachment-large size-large wp-image-626\" alt=\"\" srcset=\"https:\/\/federacionfesoc.org\/wp-content\/uploads\/2026\/02\/WhatsApp-Image-2026-02-20-at-08.49.20-1024x683.jpeg 1024w, https:\/\/federacionfesoc.org\/wp-content\/uploads\/2026\/02\/WhatsApp-Image-2026-02-20-at-08.49.20-300x200.jpeg 300w, https:\/\/federacionfesoc.org\/wp-content\/uploads\/2026\/02\/WhatsApp-Image-2026-02-20-at-08.49.20-768x512.jpeg 768w, https:\/\/federacionfesoc.org\/wp-content\/uploads\/2026\/02\/WhatsApp-Image-2026-02-20-at-08.49.20.jpeg 1296w\" sizes=\"(max-width: 800px) 100vw, 800px\" \/>\t\t\t\t\t\t\t\t\t\t\t\t\t\t\t<\/div>\n\t\t\t\t<div class=\"elementor-element elementor-element-caee076 elementor-widget elementor-widget-image\" data-id=\"caee076\" data-element_type=\"widget\" data-e-type=\"widget\" data-widget_type=\"image.default\">\n\t\t\t\t\t\t\t\t\t\t\t\t\t\t\t<img decoding=\"async\" width=\"800\" height=\"534\" src=\"https:\/\/federacionfesoc.org\/wp-content\/uploads\/2026\/02\/WhatsApp-Image-2026-02-20-at-08.49.20-1-1024x683.jpeg\" class=\"attachment-large size-large wp-image-624\" alt=\"\" srcset=\"https:\/\/federacionfesoc.org\/wp-content\/uploads\/2026\/02\/WhatsApp-Image-2026-02-20-at-08.49.20-1-1024x683.jpeg 1024w, https:\/\/federacionfesoc.org\/wp-content\/uploads\/2026\/02\/WhatsApp-Image-2026-02-20-at-08.49.20-1-300x200.jpeg 300w, https:\/\/federacionfesoc.org\/wp-content\/uploads\/2026\/02\/WhatsApp-Image-2026-02-20-at-08.49.20-1-768x512.jpeg 768w, https:\/\/federacionfesoc.org\/wp-content\/uploads\/2026\/02\/WhatsApp-Image-2026-02-20-at-08.49.20-1.jpeg 1296w\" sizes=\"(max-width: 800px) 100vw, 800px\" \/>\t\t\t\t\t\t\t\t\t\t\t\t\t\t\t<\/div>\n\t\t\t\t<div class=\"elementor-element elementor-element-96a8618 elementor-widget elementor-widget-image\" data-id=\"96a8618\" data-element_type=\"widget\" data-e-type=\"widget\" data-widget_type=\"image.default\">\n\t\t\t\t\t\t\t\t\t\t\t\t\t\t\t<img decoding=\"async\" width=\"800\" height=\"534\" src=\"https:\/\/federacionfesoc.org\/wp-content\/uploads\/2026\/02\/WhatsApp-Image-2026-02-20-at-08.49.20-2-1024x683.jpeg\" class=\"attachment-large size-large wp-image-623\" alt=\"\" srcset=\"https:\/\/federacionfesoc.org\/wp-content\/uploads\/2026\/02\/WhatsApp-Image-2026-02-20-at-08.49.20-2-1024x683.jpeg 1024w, https:\/\/federacionfesoc.org\/wp-content\/uploads\/2026\/02\/WhatsApp-Image-2026-02-20-at-08.49.20-2-300x200.jpeg 300w, https:\/\/federacionfesoc.org\/wp-content\/uploads\/2026\/02\/WhatsApp-Image-2026-02-20-at-08.49.20-2-768x512.jpeg 768w, https:\/\/federacionfesoc.org\/wp-content\/uploads\/2026\/02\/WhatsApp-Image-2026-02-20-at-08.49.20-2.jpeg 1296w\" sizes=\"(max-width: 800px) 100vw, 800px\" \/>\t\t\t\t\t\t\t\t\t\t\t\t\t\t\t<\/div>\n\t\t\t\t\t<\/div>\n\t\t\t\t<\/div>\n\t\t<div class=\"elementor-element elementor-element-08ef98f e-flex e-con-boxed e-con e-parent\" data-id=\"08ef98f\" data-element_type=\"container\" data-e-type=\"container\">\n\t\t\t\t\t<div class=\"e-con-inner\">\n\t\t\t\t<div class=\"elementor-element elementor-element-9d5f471 elementor-widget elementor-widget-heading\" data-id=\"9d5f471\" data-element_type=\"widget\" data-e-type=\"widget\" data-widget_type=\"heading.default\">\n\t\t\t\t\t<h2 class=\"elementor-heading-title elementor-size-default\">Tiempo de ejecuci\u00f3n<\/h2>\t\t\t\t<\/div>\n\t\t\t\t<div class=\"elementor-element elementor-element-d03e213 elementor-widget elementor-widget-text-editor\" data-id=\"d03e213\" data-element_type=\"widget\" data-e-type=\"widget\" data-widget_type=\"text-editor.default\">\n\t\t\t\t\t\t\t\t\t<p>El Programa Social Ecoaldeas Solidarias FESOC est\u00e1 dise\u00f1ado para ser sustentable toda la vida y sujeto a mejoramientos; por eso, la filosof\u00eda de FESOC es que todo proyecto aprobado para ser ejecutado debe ser autosostenible y solo sujeto a mejoramientos durante su funcionamiento productivo.<\/p>\t\t\t\t\t\t\t\t<\/div>\n\t\t\t\t\t<\/div>\n\t\t\t\t<\/div>\n\t\t<div class=\"elementor-element elementor-element-9c8d834 e-flex e-con-boxed e-con e-parent\" data-id=\"9c8d834\" data-element_type=\"container\" data-e-type=\"container\">\n\t\t\t\t\t<div class=\"e-con-inner\">\n\t\t\t\t<div class=\"elementor-element elementor-element-ca08d7c elementor-widget elementor-widget-heading\" data-id=\"ca08d7c\" data-element_type=\"widget\" data-e-type=\"widget\" data-widget_type=\"heading.default\">\n\t\t\t\t\t<h2 class=\"elementor-heading-title elementor-size-default\">Valor del programa<\/h2>\t\t\t\t<\/div>\n\t\t\t\t<div class=\"elementor-element elementor-element-e05a3f7 elementor-widget elementor-widget-text-editor\" data-id=\"e05a3f7\" data-element_type=\"widget\" data-e-type=\"widget\" data-widget_type=\"text-editor.default\">\n\t\t\t\t\t\t\t\t\t<p data-start=\"5589\" data-end=\"5963\">FESOC tiene un valor muy particular llamado Programa Social Ecoaldeas Solidarias FESOC porque, a diferencia de las ecoaldeas normales que se encuentran en el mundo, tiene la particularidad de ofrecer participaci\u00f3n en los cascos urbanos y rurales para toda la poblaci\u00f3n sin distinci\u00f3n de etnias, situaci\u00f3n de vulnerabilidad, g\u00e9nero, cultura, educaci\u00f3n, activismo social, etc.<\/p><p data-start=\"5965\" data-end=\"6294\">Los procesos econ\u00f3micos del programa provienen b\u00e1sicamente de los proyectos productivos debidamente formulados, estructurados, planeados y ejecutados por las instituciones afiliadas a FESOC y controlados directamente por la administraci\u00f3n de FESOC con la veedur\u00eda de las Naciones Unidas y las auditor\u00edas contratadas para tal fin.<\/p><p data-start=\"6296\" data-end=\"6394\">Este programa se encuentra registrado en el Ministerio del Interior como autor\u00eda de la federaci\u00f3n.<\/p>\t\t\t\t\t\t\t\t<\/div>\n\t\t\t\t\t<\/div>\n\t\t\t\t<\/div>\n\t\t<div class=\"elementor-element elementor-element-d378d43 e-flex e-con-boxed e-con e-parent\" data-id=\"d378d43\" data-element_type=\"container\" data-e-type=\"container\">\n\t\t\t\t\t<div class=\"e-con-inner\">\n\t\t\t\t<div class=\"elementor-element elementor-element-a6ca16c elementor-widget elementor-widget-heading\" data-id=\"a6ca16c\" data-element_type=\"widget\" data-e-type=\"widget\" data-widget_type=\"heading.default\">\n\t\t\t\t\t<h2 class=\"elementor-heading-title elementor-size-default\">Apoyo psicosocial<\/h2>\t\t\t\t<\/div>\n\t\t\t\t<div class=\"elementor-element elementor-element-aca7caa elementor-widget elementor-widget-text-editor\" data-id=\"aca7caa\" data-element_type=\"widget\" data-e-type=\"widget\" data-widget_type=\"text-editor.default\">\n\t\t\t\t\t\t\t\t\t<p data-start=\"5589\" data-end=\"5963\">\u00c1rea liderada por una coordinadora nacional, donde tienen como objetivo articular mediante los componentes psicol\u00f3gico, trabajo social, deporte, y cultura y la implementaci\u00f3n de la econom\u00eda solidaria para el bienestar de la comunidad y el crecimiento a nivel personal de cada uno de los beneficiarios; cada componente cuenta con un profesional id\u00f3neo y un p\u00e9nsum de 120 horas en total.<\/p>\t\t\t\t\t\t\t\t<\/div>\n\t\t\t\t\t<\/div>\n\t\t\t\t<\/div>\n\t\t<div class=\"elementor-element elementor-element-01343c2 e-grid e-con-boxed e-con e-parent\" data-id=\"01343c2\" data-element_type=\"container\" data-e-type=\"container\">\n\t\t\t\t\t<div class=\"e-con-inner\">\n\t\t\t\t<div class=\"elementor-element elementor-element-03980e6 elementor-widget elementor-widget-image\" data-id=\"03980e6\" data-element_type=\"widget\" data-e-type=\"widget\" data-widget_type=\"image.default\">\n\t\t\t\t\t\t\t\t\t\t\t\t\t\t\t<img loading=\"lazy\" decoding=\"async\" width=\"800\" height=\"534\" src=\"https:\/\/federacionfesoc.org\/wp-content\/uploads\/2026\/02\/WhatsApp-Image-2026-02-20-at-08.49.19-1024x683.jpeg\" class=\"attachment-large size-large wp-image-618\" alt=\"\" srcset=\"https:\/\/federacionfesoc.org\/wp-content\/uploads\/2026\/02\/WhatsApp-Image-2026-02-20-at-08.49.19-1024x683.jpeg 1024w, https:\/\/federacionfesoc.org\/wp-content\/uploads\/2026\/02\/WhatsApp-Image-2026-02-20-at-08.49.19-300x200.jpeg 300w, https:\/\/federacionfesoc.org\/wp-content\/uploads\/2026\/02\/WhatsApp-Image-2026-02-20-at-08.49.19-768x512.jpeg 768w, https:\/\/federacionfesoc.org\/wp-content\/uploads\/2026\/02\/WhatsApp-Image-2026-02-20-at-08.49.19.jpeg 1296w\" sizes=\"(max-width: 800px) 100vw, 800px\" \/>\t\t\t\t\t\t\t\t\t\t\t\t\t\t\t<\/div>\n\t\t\t\t<div class=\"elementor-element elementor-element-ef3dbad elementor-widget elementor-widget-image\" data-id=\"ef3dbad\" data-element_type=\"widget\" data-e-type=\"widget\" data-widget_type=\"image.default\">\n\t\t\t\t\t\t\t\t\t\t\t\t\t\t\t<img loading=\"lazy\" decoding=\"async\" width=\"800\" height=\"534\" src=\"https:\/\/federacionfesoc.org\/wp-content\/uploads\/2026\/02\/WhatsApp-Image-2026-02-20-at-08.49.21-3-1024x683.jpeg\" class=\"attachment-large size-large wp-image-616\" alt=\"\" srcset=\"https:\/\/federacionfesoc.org\/wp-content\/uploads\/2026\/02\/WhatsApp-Image-2026-02-20-at-08.49.21-3-1024x683.jpeg 1024w, https:\/\/federacionfesoc.org\/wp-content\/uploads\/2026\/02\/WhatsApp-Image-2026-02-20-at-08.49.21-3-300x200.jpeg 300w, https:\/\/federacionfesoc.org\/wp-content\/uploads\/2026\/02\/WhatsApp-Image-2026-02-20-at-08.49.21-3-768x512.jpeg 768w, https:\/\/federacionfesoc.org\/wp-content\/uploads\/2026\/02\/WhatsApp-Image-2026-02-20-at-08.49.21-3.jpeg 1296w\" sizes=\"(max-width: 800px) 100vw, 800px\" \/>\t\t\t\t\t\t\t\t\t\t\t\t\t\t\t<\/div>\n\t\t\t\t<div class=\"elementor-element elementor-element-d9590db elementor-widget elementor-widget-image\" data-id=\"d9590db\" data-element_type=\"widget\" data-e-type=\"widget\" data-widget_type=\"image.default\">\n\t\t\t\t\t\t\t\t\t\t\t\t\t\t\t<img loading=\"lazy\" decoding=\"async\" width=\"800\" height=\"534\" src=\"https:\/\/federacionfesoc.org\/wp-content\/uploads\/2026\/02\/WhatsApp-Image-2026-02-20-at-08.49.20-3-1024x683.jpeg\" class=\"attachment-large size-large wp-image-614\" alt=\"\" srcset=\"https:\/\/federacionfesoc.org\/wp-content\/uploads\/2026\/02\/WhatsApp-Image-2026-02-20-at-08.49.20-3-1024x683.jpeg 1024w, https:\/\/federacionfesoc.org\/wp-content\/uploads\/2026\/02\/WhatsApp-Image-2026-02-20-at-08.49.20-3-300x200.jpeg 300w, https:\/\/federacionfesoc.org\/wp-content\/uploads\/2026\/02\/WhatsApp-Image-2026-02-20-at-08.49.20-3-768x512.jpeg 768w, https:\/\/federacionfesoc.org\/wp-content\/uploads\/2026\/02\/WhatsApp-Image-2026-02-20-at-08.49.20-3.jpeg 1296w\" sizes=\"(max-width: 800px) 100vw, 800px\" \/>\t\t\t\t\t\t\t\t\t\t\t\t\t\t\t<\/div>\n\t\t\t\t<div class=\"elementor-element elementor-element-f213ead elementor-widget elementor-widget-image\" data-id=\"f213ead\" data-element_type=\"widget\" data-e-type=\"widget\" data-widget_type=\"image.default\">\n\t\t\t\t\t\t\t\t\t\t\t\t\t\t\t<img loading=\"lazy\" decoding=\"async\" width=\"800\" height=\"534\" src=\"https:\/\/federacionfesoc.org\/wp-content\/uploads\/2026\/02\/WhatsApp-Image-2026-02-20-at-08.49.21-2-1024x683.jpeg\" class=\"attachment-large size-large wp-image-617\" alt=\"\" srcset=\"https:\/\/federacionfesoc.org\/wp-content\/uploads\/2026\/02\/WhatsApp-Image-2026-02-20-at-08.49.21-2-1024x683.jpeg 1024w, https:\/\/federacionfesoc.org\/wp-content\/uploads\/2026\/02\/WhatsApp-Image-2026-02-20-at-08.49.21-2-300x200.jpeg 300w, https:\/\/federacionfesoc.org\/wp-content\/uploads\/2026\/02\/WhatsApp-Image-2026-02-20-at-08.49.21-2-768x512.jpeg 768w, https:\/\/federacionfesoc.org\/wp-content\/uploads\/2026\/02\/WhatsApp-Image-2026-02-20-at-08.49.21-2.jpeg 1296w\" sizes=\"(max-width: 800px) 100vw, 800px\" \/>\t\t\t\t\t\t\t\t\t\t\t\t\t\t\t<\/div>\n\t\t\t\t<div class=\"elementor-element elementor-element-c7ba58f elementor-widget elementor-widget-image\" data-id=\"c7ba58f\" data-element_type=\"widget\" data-e-type=\"widget\" data-widget_type=\"image.default\">\n\t\t\t\t\t\t\t\t\t\t\t\t\t\t\t<img loading=\"lazy\" decoding=\"async\" width=\"800\" height=\"534\" src=\"https:\/\/federacionfesoc.org\/wp-content\/uploads\/2026\/02\/WhatsApp-Image-2026-02-20-at-08.49.22-1024x683.jpeg\" class=\"attachment-large size-large wp-image-627\" alt=\"\" srcset=\"https:\/\/federacionfesoc.org\/wp-content\/uploads\/2026\/02\/WhatsApp-Image-2026-02-20-at-08.49.22-1024x683.jpeg 1024w, https:\/\/federacionfesoc.org\/wp-content\/uploads\/2026\/02\/WhatsApp-Image-2026-02-20-at-08.49.22-300x200.jpeg 300w, https:\/\/federacionfesoc.org\/wp-content\/uploads\/2026\/02\/WhatsApp-Image-2026-02-20-at-08.49.22-768x512.jpeg 768w, https:\/\/federacionfesoc.org\/wp-content\/uploads\/2026\/02\/WhatsApp-Image-2026-02-20-at-08.49.22.jpeg 1296w\" sizes=\"(max-width: 800px) 100vw, 800px\" \/>\t\t\t\t\t\t\t\t\t\t\t\t\t\t\t<\/div>\n\t\t\t\t<div class=\"elementor-element elementor-element-5458844 elementor-widget elementor-widget-image\" data-id=\"5458844\" data-element_type=\"widget\" data-e-type=\"widget\" data-widget_type=\"image.default\">\n\t\t\t\t\t\t\t\t\t\t\t\t\t\t\t<img loading=\"lazy\" decoding=\"async\" width=\"800\" height=\"534\" src=\"https:\/\/federacionfesoc.org\/wp-content\/uploads\/2026\/02\/WhatsApp-Image-2026-02-20-at-08.49.21-1024x683.jpeg\" class=\"attachment-large size-large wp-image-622\" alt=\"\" srcset=\"https:\/\/federacionfesoc.org\/wp-content\/uploads\/2026\/02\/WhatsApp-Image-2026-02-20-at-08.49.21-1024x683.jpeg 1024w, https:\/\/federacionfesoc.org\/wp-content\/uploads\/2026\/02\/WhatsApp-Image-2026-02-20-at-08.49.21-300x200.jpeg 300w, https:\/\/federacionfesoc.org\/wp-content\/uploads\/2026\/02\/WhatsApp-Image-2026-02-20-at-08.49.21-768x512.jpeg 768w, https:\/\/federacionfesoc.org\/wp-content\/uploads\/2026\/02\/WhatsApp-Image-2026-02-20-at-08.49.21.jpeg 1296w\" sizes=\"(max-width: 800px) 100vw, 800px\" \/>\t\t\t\t\t\t\t\t\t\t\t\t\t\t\t<\/div>\n\t\t\t\t\t<\/div>\n\t\t\t\t<\/div>\n\t\t\t\t<\/div>\n\t\t","protected":false},"excerpt":{"rendered":"<p>Programa de lazos productivos Paralelo a tener una vivienda digna, se encuentran los proyectos productivos o unidades productivas las cuales van a apoyar a las personas que necesitan de unos ingresos para subsistir y mantener a sus familias conservando como m\u00ednimo las condiciones de la vivienda entregada y esperando que crezca personal, econ\u00f3mica, cultural y [&hellip;]<\/p>\n","protected":false},"author":1,"featured_media":0,"parent":0,"menu_order":0,"comment_status":"closed","ping_status":"closed","template":"","meta":{"footnotes":""},"class_list":["post-659","page","type-page","status-publish","hentry"],"_links":{"self":[{"href":"https:\/\/federacionfesoc.org\/index.php\/wp-json\/wp\/v2\/pages\/659","targetHints":{"allow":["GET"]}}],"collection":[{"href":"https:\/\/federacionfesoc.org\/index.php\/wp-json\/wp\/v2\/pages"}],"about":[{"href":"https:\/\/federacionfesoc.org\/index.php\/wp-json\/wp\/v2\/types\/page"}],"author":[{"embeddable":true,"href":"https:\/\/federacionfesoc.org\/index.php\/wp-json\/wp\/v2\/users\/1"}],"replies":[{"embeddable":true,"href":"https:\/\/federacionfesoc.org\/index.php\/wp-json\/wp\/v2\/comments?post=659"}],"version-history":[{"count":7,"href":"https:\/\/federacionfesoc.org\/index.php\/wp-json\/wp\/v2\/pages\/659\/revisions"}],"predecessor-version":[{"id":668,"href":"https:\/\/federacionfesoc.org\/index.php\/wp-json\/wp\/v2\/pages\/659\/revisions\/668"}],"wp:attachment":[{"href":"https:\/\/federacionfesoc.org\/index.php\/wp-json\/wp\/v2\/media?parent=659"}],"curies":[{"name":"wp","href":"https:\/\/api.w.org\/{rel}","templated":true}]}}